{"id":86,"date":"2019-11-20T14:39:56","date_gmt":"2019-11-20T13:39:56","guid":{"rendered":"https:\/\/inesangelli.ch\/?page_id=86"},"modified":"2021-11-04T15:45:20","modified_gmt":"2021-11-04T14:45:20","slug":"eq-und-432hz","status":"publish","type":"page","link":"https:\/\/inesangelli.ch\/index.php\/eq-und-432hz\/","title":{"rendered":"gehirnf\u00f6rdernde Musik"},"content":{"rendered":"\t\t<div data-elementor-type=\"wp-page\" data-elementor-id=\"86\" class=\"elementor elementor-86\">\n\t\t\t\t\t\t<div class=\"elementor-inner\">\n\t\t\t\t<div class=\"elementor-section-wrap\">\n\t\t\t\t\t\t\t\t\t<section class=\"elementor-section elementor-top-section elementor-element elementor-element-bcc667e elementor-section-stretched elementor-section-full_width elementor-section-content-bottom elementor-section-height-default elementor-section-height-default\" data-id=\"bcc667e\" data-element_type=\"section\" data-settings=\"{&quot;stretch_section&quot;:&quot;section-stretched&quot;,&quot;background_background&quot;:&quot;classic&quot;,&quot;shape_divider_bottom&quot;:&quot;opacity-fan&quot;}\">\n\t\t\t\t\t\t\t<div class=\"elementor-background-overlay\"><\/div>\n\t\t\t\t\t\t<div class=\"elementor-shape elementor-shape-bottom\" data-negative=\"false\">\n\t\t\t<svg xmlns=\"http:\/\/www.w3.org\/2000\/svg\" viewBox=\"0 0 283.5 19.6\" preserveAspectRatio=\"none\">\n\t<path class=\"elementor-shape-fill\" style=\"opacity:0.33\" d=\"M0 0L0 18.8 141.8 4.1 283.5 18.8 283.5 0z\"\/>\n\t<path class=\"elementor-shape-fill\" style=\"opacity:0.33\" d=\"M0 0L0 12.6 141.8 4 283.5 12.6 283.5 0z\"\/>\n\t<path class=\"elementor-shape-fill\" style=\"opacity:0.33\" d=\"M0 0L0 6.4 141.8 4 283.5 6.4 283.5 0z\"\/>\n\t<path class=\"elementor-shape-fill\" d=\"M0 0L0 1.2 141.8 4 283.5 1.2 283.5 0z\"\/>\n<\/svg>\t\t<\/div>\n\t\t\t\t\t<div class=\"elementor-container elementor-column-gap-default\">\n\t\t\t\t\t\t\t<div class=\"elementor-row\">\n\t\t\t\t\t<div class=\"elementor-column elementor-col-33 elementor-top-column elementor-element elementor-element-08bf2e6\" data-id=\"08bf2e6\" data-element_type=\"column\">\n\t\t\t<div class=\"elementor-column-wrap elementor-element-populated\">\n\t\t\t\t\t\t\t<div class=\"elementor-widget-wrap\">\n\t\t\t\t\t\t<div class=\"elementor-element elementor-element-45c642c elementor-widget elementor-widget-image\" data-id=\"45c642c\" data-element_type=\"widget\" data-widget_type=\"image.default\">\n\t\t\t\t<div class=\"elementor-widget-container\">\n\t\t\t\t\t\t\t\t<div class=\"elementor-image\">\n\t\t\t\t\t\t\t\t\t\t\t\t<img width=\"300\" height=\"229\" src=\"https:\/\/inesangelli.ch\/wp-content\/uploads\/2019\/11\/Logo432hzEQinverttransparent-300x229.png\" class=\"attachment-medium size-medium\" alt=\"\" loading=\"lazy\" srcset=\"https:\/\/inesangelli.ch\/wp-content\/uploads\/2019\/11\/Logo432hzEQinverttransparent-300x229.png 300w, https:\/\/inesangelli.ch\/wp-content\/uploads\/2019\/11\/Logo432hzEQinverttransparent-768x586.png 768w, https:\/\/inesangelli.ch\/wp-content\/uploads\/2019\/11\/Logo432hzEQinverttransparent-1024x781.png 1024w, https:\/\/inesangelli.ch\/wp-content\/uploads\/2019\/11\/Logo432hzEQinverttransparent.png 1646w\" sizes=\"(max-width: 300px) 100vw, 300px\" \/>\t\t\t\t\t\t\t\t\t\t\t\t\t\t<\/div>\n\t\t\t\t\t\t<\/div>\n\t\t\t\t<\/div>\n\t\t\t\t\t\t<\/div>\n\t\t\t\t\t<\/div>\n\t\t<\/div>\n\t\t\t\t<div class=\"elementor-column elementor-col-33 elementor-top-column elementor-element elementor-element-60c2771\" data-id=\"60c2771\" data-element_type=\"column\">\n\t\t\t<div class=\"elementor-column-wrap elementor-element-populated\">\n\t\t\t\t\t\t\t<div class=\"elementor-widget-wrap\">\n\t\t\t\t\t\t<div class=\"elementor-element elementor-element-765c116 elementor-widget elementor-widget-heading\" data-id=\"765c116\" data-element_type=\"widget\" data-widget_type=\"heading.default\">\n\t\t\t\t<div class=\"elementor-widget-container\">\n\t\t\t<h2 class=\"elementor-heading-title elementor-size-default\">Ines Angelli<\/h2>\t\t<\/div>\n\t\t\t\t<\/div>\n\t\t\t\t\t\t<\/div>\n\t\t\t\t\t<\/div>\n\t\t<\/div>\n\t\t\t\t<div class=\"elementor-column elementor-col-33 elementor-top-column elementor-element elementor-element-f5b6218\" data-id=\"f5b6218\" data-element_type=\"column\">\n\t\t\t<div class=\"elementor-column-wrap elementor-element-populated\">\n\t\t\t\t\t\t\t<div class=\"elementor-widget-wrap\">\n\t\t\t\t\t\t<div class=\"elementor-element elementor-element-48607f7 elementor-widget elementor-widget-image\" data-id=\"48607f7\" data-element_type=\"widget\" data-widget_type=\"image.default\">\n\t\t\t\t<div class=\"elementor-widget-container\">\n\t\t\t\t\t\t\t\t<div class=\"elementor-image\">\n\t\t\t\t\t\t\t\t\t\t\t\t<img width=\"800\" height=\"616\" src=\"https:\/\/inesangelli.ch\/wp-content\/uploads\/2019\/11\/Gesang64-1024x788.png\" class=\"attachment-large size-large\" alt=\"\" loading=\"lazy\" srcset=\"https:\/\/inesangelli.ch\/wp-content\/uploads\/2019\/11\/Gesang64-1024x788.png 1024w, https:\/\/inesangelli.ch\/wp-content\/uploads\/2019\/11\/Gesang64-300x231.png 300w, https:\/\/inesangelli.ch\/wp-content\/uploads\/2019\/11\/Gesang64-768x591.png 768w, https:\/\/inesangelli.ch\/wp-content\/uploads\/2019\/11\/Gesang64.png 1889w\" sizes=\"(max-width: 800px) 100vw, 800px\" \/>\t\t\t\t\t\t\t\t\t\t\t\t\t\t<\/div>\n\t\t\t\t\t\t<\/div>\n\t\t\t\t<\/div>\n\t\t\t\t\t\t<\/div>\n\t\t\t\t\t<\/div>\n\t\t<\/div>\n\t\t\t\t\t\t\t\t<\/div>\n\t\t\t\t\t<\/div>\n\t\t<\/section>\n\t\t\t\t<section class=\"elementor-section elementor-top-section elementor-element elementor-element-2ddbd135 elementor-section-full_width elementor-section-height-default elementor-section-height-default\" data-id=\"2ddbd135\" data-element_type=\"section\">\n\t\t\t\t\t\t<div class=\"elementor-container elementor-column-gap-default\">\n\t\t\t\t\t\t\t<div class=\"elementor-row\">\n\t\t\t\t\t<div class=\"elementor-column elementor-col-16 elementor-top-column elementor-element elementor-element-6f0ff6cd\" data-id=\"6f0ff6cd\" data-element_type=\"column\">\n\t\t\t<div class=\"elementor-column-wrap elementor-element-populated\">\n\t\t\t\t\t\t\t<div class=\"elementor-widget-wrap\">\n\t\t\t\t\t\t<div class=\"elementor-element elementor-element-40031494 elementor-button-info elementor-widget__width-auto elementor-widget elementor-widget-button\" data-id=\"40031494\" data-element_type=\"widget\" data-widget_type=\"button.default\">\n\t\t\t\t<div class=\"elementor-widget-container\">\n\t\t\t\t\t<div class=\"elementor-button-wrapper\">\n\t\t\t<a href=\"https:\/\/inesangelli.ch\/\" class=\"elementor-button-link elementor-button elementor-size-xs\" role=\"button\">\n\t\t\t\t\t\t<span class=\"elementor-button-content-wrapper\">\n\t\t\t\t\t\t\t<span class=\"elementor-button-icon elementor-align-icon-left\">\n\t\t\t\t<i aria-hidden=\"true\" class=\"far fa-arrow-alt-circle-right\"><\/i>\t\t\t<\/span>\n\t\t\t\t\t\t<span class=\"elementor-button-text\">willkommen<\/span>\n\t\t<\/span>\n\t\t\t\t\t<\/a>\n\t\t<\/div>\n\t\t\t\t<\/div>\n\t\t\t\t<\/div>\n\t\t\t\t\t\t<\/div>\n\t\t\t\t\t<\/div>\n\t\t<\/div>\n\t\t\t\t<div class=\"elementor-column elementor-col-16 elementor-top-column elementor-element elementor-element-2215cad5\" data-id=\"2215cad5\" data-element_type=\"column\">\n\t\t\t<div class=\"elementor-column-wrap elementor-element-populated\">\n\t\t\t\t\t\t\t<div class=\"elementor-widget-wrap\">\n\t\t\t\t\t\t<div class=\"elementor-element elementor-element-565a1ee8 elementor-button-info elementor-widget__width-auto elementor-align-center elementor-widget elementor-widget-button\" data-id=\"565a1ee8\" data-element_type=\"widget\" data-widget_type=\"button.default\">\n\t\t\t\t<div class=\"elementor-widget-container\">\n\t\t\t\t\t<div class=\"elementor-button-wrapper\">\n\t\t\t<a href=\"https:\/\/inesangelli.ch\/index.php\/eq-und-432hz\/\" class=\"elementor-button-link elementor-button elementor-size-xs\" role=\"button\">\n\t\t\t\t\t\t<span class=\"elementor-button-content-wrapper\">\n\t\t\t\t\t\t\t<span class=\"elementor-button-icon elementor-align-icon-left\">\n\t\t\t\t<i aria-hidden=\"true\" class=\"far fa-arrow-alt-circle-right\"><\/i>\t\t\t<\/span>\n\t\t\t\t\t\t<span class=\"elementor-button-text\">gehirnf\u00f6rdernde Musik<\/span>\n\t\t<\/span>\n\t\t\t\t\t<\/a>\n\t\t<\/div>\n\t\t\t\t<\/div>\n\t\t\t\t<\/div>\n\t\t\t\t\t\t<\/div>\n\t\t\t\t\t<\/div>\n\t\t<\/div>\n\t\t\t\t<div class=\"elementor-column elementor-col-16 elementor-top-column elementor-element elementor-element-4a5ad2fe\" data-id=\"4a5ad2fe\" data-element_type=\"column\">\n\t\t\t<div class=\"elementor-column-wrap elementor-element-populated\">\n\t\t\t\t\t\t\t<div class=\"elementor-widget-wrap\">\n\t\t\t\t\t\t<div class=\"elementor-element elementor-element-1d825511 elementor-button-info elementor-widget__width-auto elementor-widget elementor-widget-button\" data-id=\"1d825511\" data-element_type=\"widget\" data-widget_type=\"button.default\">\n\t\t\t\t<div class=\"elementor-widget-container\">\n\t\t\t\t\t<div class=\"elementor-button-wrapper\">\n\t\t\t<a href=\"https:\/\/inesangelli.ch\/index.php\/balsam\/\" class=\"elementor-button-link elementor-button elementor-size-xs\" role=\"button\">\n\t\t\t\t\t\t<span class=\"elementor-button-content-wrapper\">\n\t\t\t\t\t\t\t<span class=\"elementor-button-icon elementor-align-icon-left\">\n\t\t\t\t<i aria-hidden=\"true\" class=\"far fa-arrow-alt-circle-right\"><\/i>\t\t\t<\/span>\n\t\t\t\t\t\t<span class=\"elementor-button-text\">CD Balsam<\/span>\n\t\t<\/span>\n\t\t\t\t\t<\/a>\n\t\t<\/div>\n\t\t\t\t<\/div>\n\t\t\t\t<\/div>\n\t\t\t\t\t\t<\/div>\n\t\t\t\t\t<\/div>\n\t\t<\/div>\n\t\t\t\t<div class=\"elementor-column elementor-col-16 elementor-top-column elementor-element elementor-element-50bc3e3a\" data-id=\"50bc3e3a\" data-element_type=\"column\">\n\t\t\t<div class=\"elementor-column-wrap elementor-element-populated\">\n\t\t\t\t\t\t\t<div class=\"elementor-widget-wrap\">\n\t\t\t\t\t\t<div class=\"elementor-element elementor-element-6f0104c0 elementor-button-info elementor-widget__width-auto elementor-widget elementor-widget-button\" data-id=\"6f0104c0\" data-element_type=\"widget\" data-widget_type=\"button.default\">\n\t\t\t\t<div class=\"elementor-widget-container\">\n\t\t\t\t\t<div class=\"elementor-button-wrapper\">\n\t\t\t<a href=\"https:\/\/inesangelli.ch\/index.php\/kontakt\/\" class=\"elementor-button-link elementor-button elementor-size-xs\" role=\"button\">\n\t\t\t\t\t\t<span class=\"elementor-button-content-wrapper\">\n\t\t\t\t\t\t\t<span class=\"elementor-button-icon elementor-align-icon-left\">\n\t\t\t\t<i aria-hidden=\"true\" class=\"far fa-arrow-alt-circle-right\"><\/i>\t\t\t<\/span>\n\t\t\t\t\t\t<span class=\"elementor-button-text\">Kontakt<\/span>\n\t\t<\/span>\n\t\t\t\t\t<\/a>\n\t\t<\/div>\n\t\t\t\t<\/div>\n\t\t\t\t<\/div>\n\t\t\t\t\t\t<\/div>\n\t\t\t\t\t<\/div>\n\t\t<\/div>\n\t\t\t\t<div class=\"elementor-column elementor-col-16 elementor-top-column elementor-element elementor-element-59fd3236\" data-id=\"59fd3236\" data-element_type=\"column\">\n\t\t\t<div class=\"elementor-column-wrap elementor-element-populated\">\n\t\t\t\t\t\t\t<div class=\"elementor-widget-wrap\">\n\t\t\t\t\t\t<div class=\"elementor-element elementor-element-1904d831 elementor-button-info elementor-widget__width-auto elementor-widget elementor-widget-button\" data-id=\"1904d831\" data-element_type=\"widget\" data-widget_type=\"button.default\">\n\t\t\t\t<div class=\"elementor-widget-container\">\n\t\t\t\t\t<div class=\"elementor-button-wrapper\">\n\t\t\t<a href=\"https:\/\/inesangelli.ch\/index.php\/links\/\" class=\"elementor-button-link elementor-button elementor-size-xs\" role=\"button\">\n\t\t\t\t\t\t<span class=\"elementor-button-content-wrapper\">\n\t\t\t\t\t\t\t<span class=\"elementor-button-icon elementor-align-icon-left\">\n\t\t\t\t<i aria-hidden=\"true\" class=\"far fa-arrow-alt-circle-right\"><\/i>\t\t\t<\/span>\n\t\t\t\t\t\t<span class=\"elementor-button-text\">Links<\/span>\n\t\t<\/span>\n\t\t\t\t\t<\/a>\n\t\t<\/div>\n\t\t\t\t<\/div>\n\t\t\t\t<\/div>\n\t\t\t\t\t\t<\/div>\n\t\t\t\t\t<\/div>\n\t\t<\/div>\n\t\t\t\t<div class=\"elementor-column elementor-col-16 elementor-top-column elementor-element elementor-element-cdc03c2\" data-id=\"cdc03c2\" data-element_type=\"column\">\n\t\t\t<div class=\"elementor-column-wrap elementor-element-populated\">\n\t\t\t\t\t\t\t<div class=\"elementor-widget-wrap\">\n\t\t\t\t\t\t<div class=\"elementor-element elementor-element-7fddf6f2 elementor-button-info elementor-widget__width-auto elementor-widget elementor-widget-button\" data-id=\"7fddf6f2\" data-element_type=\"widget\" data-widget_type=\"button.default\">\n\t\t\t\t<div class=\"elementor-widget-container\">\n\t\t\t\t\t<div class=\"elementor-button-wrapper\">\n\t\t\t<a href=\"https:\/\/inesangelli.ch\/index.php\/datenschutz\/\" class=\"elementor-button-link elementor-button elementor-size-xs\" role=\"button\">\n\t\t\t\t\t\t<span class=\"elementor-button-content-wrapper\">\n\t\t\t\t\t\t\t<span class=\"elementor-button-icon elementor-align-icon-left\">\n\t\t\t\t<i aria-hidden=\"true\" class=\"far fa-arrow-alt-circle-right\"><\/i>\t\t\t<\/span>\n\t\t\t\t\t\t<span class=\"elementor-button-text\">Datenschutz und Impressum<\/span>\n\t\t<\/span>\n\t\t\t\t\t<\/a>\n\t\t<\/div>\n\t\t\t\t<\/div>\n\t\t\t\t<\/div>\n\t\t\t\t\t\t<\/div>\n\t\t\t\t\t<\/div>\n\t\t<\/div>\n\t\t\t\t\t\t\t\t<\/div>\n\t\t\t\t\t<\/div>\n\t\t<\/section>\n\t\t\t\t<section class=\"elementor-section elementor-top-section elementor-element elementor-element-281db1f elementor-section-boxed elementor-section-height-default elementor-section-height-default\" data-id=\"281db1f\" data-element_type=\"section\">\n\t\t\t\t\t\t<div class=\"elementor-container elementor-column-gap-default\">\n\t\t\t\t\t\t\t<div class=\"elementor-row\">\n\t\t\t\t\t<div class=\"elementor-column elementor-col-100 elementor-top-column elementor-element elementor-element-f6024ce\" data-id=\"f6024ce\" data-element_type=\"column\">\n\t\t\t<div class=\"elementor-column-wrap elementor-element-populated\">\n\t\t\t\t\t\t\t<div class=\"elementor-widget-wrap\">\n\t\t\t\t\t\t<div class=\"elementor-element elementor-element-0824a5a elementor-widget elementor-widget-heading\" data-id=\"0824a5a\" data-element_type=\"widget\" data-widget_type=\"heading.default\">\n\t\t\t\t<div class=\"elementor-widget-container\">\n\t\t\t<h2 class=\"elementor-heading-title elementor-size-default\">Steigerung der emotionalen Intelligenz durch geeignete Musik<\/h2>\t\t<\/div>\n\t\t\t\t<\/div>\n\t\t\t\t\t\t<\/div>\n\t\t\t\t\t<\/div>\n\t\t<\/div>\n\t\t\t\t\t\t\t\t<\/div>\n\t\t\t\t\t<\/div>\n\t\t<\/section>\n\t\t\t\t<section class=\"elementor-section elementor-top-section elementor-element elementor-element-3dbacad elementor-section-boxed elementor-section-height-default elementor-section-height-default\" data-id=\"3dbacad\" data-element_type=\"section\">\n\t\t\t\t\t\t<div class=\"elementor-container elementor-column-gap-default\">\n\t\t\t\t\t\t\t<div class=\"elementor-row\">\n\t\t\t\t\t<div class=\"elementor-column elementor-col-100 elementor-top-column elementor-element elementor-element-3eb93a8\" data-id=\"3eb93a8\" data-element_type=\"column\">\n\t\t\t<div class=\"elementor-column-wrap elementor-element-populated\">\n\t\t\t\t\t\t\t<div class=\"elementor-widget-wrap\">\n\t\t\t\t\t\t<div class=\"elementor-element elementor-element-fc78c52 elementor-widget elementor-widget-text-editor\" data-id=\"fc78c52\" data-element_type=\"widget\" data-widget_type=\"text-editor.default\">\n\t\t\t\t<div class=\"elementor-widget-container\">\n\t\t\t\t\t\t\t\t<div class=\"elementor-text-editor elementor-clearfix\">\n\t\t\t\t<h5><strong>Welche Musik unsere Gehirnt\u00e4tigkeit positiv beeinflusst<br><\/strong><\/h5>\n<p>Die Frontallappen geh\u00f6ren zum vorderen Teil des Grosshirns und sind verantwortlich f\u00fcr die Aufmerksamkeit, soziale F\u00e4higkeiten, Gef\u00fchle, Empathie, Zeitmanagement, Arbeitsged\u00e4chtnis, die moralische Grundstruktur oder den Charakter, die ausf\u00fchrende Planung und Initiative. Sie erkennen Probleme und k\u00f6nnen sie zur L\u00f6sung an eine andere Gehirnregion senden.<\/p>\n<p>Hast du gewusst, dass der Frontallappen je nach musikalischen Elementen verwirrt ist und seine Aktivit\u00e4t einstellt, ja sich sogar zur\u00fcckbilden kann? Hirnforscher haben die Wirkung von unterschiedlicher Musik auf den Frontallappen untersucht und dabei musikalische Elemente definieren k\u00f6nnen, welche n\u00fctzlich oder sch\u00e4dlich f\u00fcr die Entwicklung des Frontallappens sind.<\/p>\n<h5><br><\/h5>\n<h5><b>E<\/b><b>inige Elemente gesunder Musik:<\/b><u>\u2028<\/u><\/h5>\n<p>&#8211; sie ist <b>melodi\u00f6s\u2028<\/b><\/p>\n<p>&#8211; Melodien sind <b>einfach im Rhythmus,<\/b> ohne Synkopen\u2028<\/p>\n<p>&#8211; Akkorde sind <b>harmonisch<\/b> ohne Dissonanzen ausser bei kurzen \u00dcberg\u00e4ngen. Dissonanzen k\u00f6nnen im Gehirn nicht klar eingeordnet werden. Dies bewirkt eine Verunsicherung. Wenn dazu noch ein Text gesungen wird, speichert das Gehirn diesen Inhalt mit einem Fragezeichen ab, also stellt es in Frage und hinterlegt es mit Zweifel. Harmonische Akkorde hingegen geben ein eindeutiges Signal und lassen das Gehirn den Text klar einordnen.<\/p>\n<p>&#8211; Melodie wird durch <b>konsonante Harmonien statt Ger\u00e4usche<\/b> unterst\u00fctzt\u2028<\/p>\n<p>&#8211; Rhythmus ist hintergr\u00fcndig, Die <b>Betonung ist auf den Schlag<\/b> (On beat)<\/p>\n<p><br><\/p>\n<p>Da die Frontallappen f\u00f6rdernde Musik, welche die emotionale Intelligenz erweitert, steht dies mit EQ (Abk. f\u00fcr Emotionaler Quotient) in meinem Logo.<\/p>\t\t\t\t\t<\/div>\n\t\t\t\t\t\t<\/div>\n\t\t\t\t<\/div>\n\t\t\t\t\t\t<\/div>\n\t\t\t\t\t<\/div>\n\t\t<\/div>\n\t\t\t\t\t\t\t\t<\/div>\n\t\t\t\t\t<\/div>\n\t\t<\/section>\n\t\t\t\t<section class=\"elementor-section elementor-top-section elementor-element elementor-element-613a43e elementor-section-boxed elementor-section-height-default elementor-section-height-default\" data-id=\"613a43e\" data-element_type=\"section\">\n\t\t\t\t\t\t<div class=\"elementor-container elementor-column-gap-default\">\n\t\t\t\t\t\t\t<div class=\"elementor-row\">\n\t\t\t\t\t<div class=\"elementor-column elementor-col-100 elementor-top-column elementor-element elementor-element-1937b13\" data-id=\"1937b13\" data-element_type=\"column\">\n\t\t\t<div class=\"elementor-column-wrap elementor-element-populated\">\n\t\t\t\t\t\t\t<div class=\"elementor-widget-wrap\">\n\t\t\t\t\t\t<div class=\"elementor-element elementor-element-b593139 elementor-widget elementor-widget-heading\" data-id=\"b593139\" data-element_type=\"widget\" data-widget_type=\"heading.default\">\n\t\t\t\t<div class=\"elementor-widget-container\">\n\t\t\t<h2 class=\"elementor-heading-title elementor-size-default\">432Hz ... der feine Unterschied<\/h2>\t\t<\/div>\n\t\t\t\t<\/div>\n\t\t\t\t\t\t<\/div>\n\t\t\t\t\t<\/div>\n\t\t<\/div>\n\t\t\t\t\t\t\t\t<\/div>\n\t\t\t\t\t<\/div>\n\t\t<\/section>\n\t\t\t\t<section class=\"elementor-section elementor-top-section elementor-element elementor-element-61fbe4d elementor-section-boxed elementor-section-height-default elementor-section-height-default\" data-id=\"61fbe4d\" data-element_type=\"section\">\n\t\t\t\t\t\t<div class=\"elementor-container elementor-column-gap-default\">\n\t\t\t\t\t\t\t<div class=\"elementor-row\">\n\t\t\t\t\t<div class=\"elementor-column elementor-col-100 elementor-top-column elementor-element elementor-element-ee6cd16\" data-id=\"ee6cd16\" data-element_type=\"column\">\n\t\t\t<div class=\"elementor-column-wrap elementor-element-populated\">\n\t\t\t\t\t\t\t<div class=\"elementor-widget-wrap\">\n\t\t\t\t\t\t<div class=\"elementor-element elementor-element-3fae78a elementor-widget elementor-widget-text-editor\" data-id=\"3fae78a\" data-element_type=\"widget\" data-widget_type=\"text-editor.default\">\n\t\t\t\t<div class=\"elementor-widget-container\">\n\t\t\t\t\t\t\t\t<div class=\"elementor-text-editor elementor-clearfix\">\n\t\t\t\t<p><strong>K\u00f6rperresonante Musik \u2013 432 Hz <\/strong><\/p><p>Musik ist Schwingung. Was gibt es Sch\u00f6neres beim Musikh\u00f6ren, als wenn die Musik den K\u00f6rper durchdringt und mitschwingen l\u00e4sst? Wenn die Frequenz stimmt, muss das nicht mit der Lautst\u00e4rke gemacht werden.<\/p><p>Viele Menschen sp\u00fcren und empfinden Musik auf 432Hz als besonders ber\u00fchrend und wohltuend. Instrumente klingen voller und die Singstimme wird weniger heiser. Die T\u00f6ne werden mehr in der K\u00f6rpermitte wahrgenommen statt im Kopf und wirkt daher auch besonders entspannend bei Stress.<\/p><p>Die 432 Hz in meinem Logo steht f\u00fcr k\u00f6rperresonante Musik.<\/p><p><strong>HINWEIS: H\u00f6re die Musik mit Kopfh\u00f6rer, um den besten Effekt zu erzielen. <\/strong><\/p>\t\t\t\t\t<\/div>\n\t\t\t\t\t\t<\/div>\n\t\t\t\t<\/div>\n\t\t\t\t\t\t<\/div>\n\t\t\t\t\t<\/div>\n\t\t<\/div>\n\t\t\t\t\t\t\t\t<\/div>\n\t\t\t\t\t<\/div>\n\t\t<\/section>\n\t\t\t\t\t\t\t\t\t<\/div>\n\t\t\t<\/div>\n\t\t\t\t\t<\/div>\n\t\t","protected":false},"excerpt":{"rendered":"<p>Ines Angelli willkommen gehirnf\u00f6rdernde Musik CD Balsam Kontakt Links Datenschutz und Impressum Steigerung der emotionalen Intelligenz durch geeignete Musik Welche Musik unsere Gehirnt\u00e4tigkeit positiv beeinflusst Die Frontallappen geh\u00f6ren zum vorderen Teil des Grosshirns und sind verantwortlich f\u00fcr die Aufmerksamkeit, soziale F\u00e4higkeiten, Gef\u00fchle, Empathie, Zeitmanagement, Arbeitsged\u00e4chtnis, die moralische Grundstruktur oder den Charakter, die ausf\u00fchrende Planung und [&hellip;]<\/p>\n","protected":false},"author":1,"featured_media":0,"parent":0,"menu_order":2,"comment_status":"closed","ping_status":"closed","template":"elementor_canvas","meta":[],"_links":{"self":[{"href":"https:\/\/inesangelli.ch\/index.php\/wp-json\/wp\/v2\/pages\/86"}],"collection":[{"href":"https:\/\/inesangelli.ch\/index.php\/wp-json\/wp\/v2\/pages"}],"about":[{"href":"https:\/\/inesangelli.ch\/index.php\/wp-json\/wp\/v2\/types\/page"}],"author":[{"embeddable":true,"href":"https:\/\/inesangelli.ch\/index.php\/wp-json\/wp\/v2\/users\/1"}],"replies":[{"embeddable":true,"href":"https:\/\/inesangelli.ch\/index.php\/wp-json\/wp\/v2\/comments?post=86"}],"version-history":[{"count":29,"href":"https:\/\/inesangelli.ch\/index.php\/wp-json\/wp\/v2\/pages\/86\/revisions"}],"predecessor-version":[{"id":370,"href":"https:\/\/inesangelli.ch\/index.php\/wp-json\/wp\/v2\/pages\/86\/revisions\/370"}],"wp:attachment":[{"href":"https:\/\/inesangelli.ch\/index.php\/wp-json\/wp\/v2\/media?parent=86"}],"curies":[{"name":"wp","href":"https:\/\/api.w.org\/{rel}","templated":true}]}}